{"id":1310,"date":"2016-06-12T15:17:47","date_gmt":"2016-06-12T15:17:47","guid":{"rendered":"http:\/\/www.ardiseny.es\/wordpress\/?page_id=1310"},"modified":"2022-01-31T13:59:41","modified_gmt":"2022-01-31T13:59:41","slug":"curso-email-marketing-gratuito","status":"publish","type":"page","link":"https:\/\/www.ardiseny.es\/wordpress\/curso-email-marketing-gratuito\/","title":{"rendered":"CURSO EMAIL MARKETING GRATUITO"},"content":{"rendered":"<section class=\"wpb-content-wrapper\"><div id=\"tdi_1\" class=\"tdc-row\"><div class=\"vc_row tdi_2  wpb_row td-pb-row\" >\n<style scoped>\n\/* custom css - generated by TagDiv Composer *\/\n\n\/* custom css - generated by TagDiv Composer *\/\n.tdi_2,\r\n                .tdi_2 .tdc-columns{\r\n                    min-height: 0;\r\n                }.tdi_2,\r\n\t\t\t\t.tdi_2 .tdc-columns{\r\n\t\t\t\t    display: block;\r\n\t\t\t\t}.tdi_2 .tdc-columns{\r\n\t\t\t\t    width: 100%;\r\n\t\t\t\t}.tdi_2:before,\r\n\t\t\t\t.tdi_2:after{\r\n\t\t\t\t    display: table;\r\n\t\t\t\t}\n<\/style><div class=\"vc_column tdi_4  wpb_column vc_column_container tdc-column td-pb-span12\">\n<style scoped>\n\/* custom css - generated by TagDiv Composer *\/\n\n\/* custom css - generated by TagDiv Composer *\/\n.tdi_4{\r\n                    vertical-align: baseline;\r\n                }.tdi_4 > .wpb_wrapper,\r\n\t\t\t\t.tdi_4 > .wpb_wrapper > .tdc-elements{\r\n\t\t\t\t    display: block;\r\n\t\t\t\t}.tdi_4 > .wpb_wrapper > .tdc-elements{\r\n\t\t\t\t    width: 100%;\r\n\t\t\t\t}.tdi_4 > .wpb_wrapper > .vc_row_inner{\r\n\t\t\t\t    width: auto;\r\n\t\t\t\t}.tdi_4 > .wpb_wrapper{\r\n\t\t\t\t    width: auto;\r\n\t\t\t\t    height: auto;\r\n\t\t\t\t}\n<\/style><div class=\"wpb_wrapper\" ><div class=\"vc_row_inner tdi_6  vc_row vc_inner wpb_row td-pb-row\" >\n<style scoped>\n\/* custom css - generated by TagDiv Composer *\/\n\n\/* custom css - generated by TagDiv Composer *\/\n.tdi_6{\r\n                    position: relative !important;\r\n                    top: 0;\r\n                    transform: none;\r\n                    -webkit-transform: none;\r\n                }.tdi_6,\r\n\t\t\t\t.tdi_6 .tdc-inner-columns{\r\n\t\t\t\t    display: block;\r\n\t\t\t\t}.tdi_6 .tdc-inner-columns{\r\n\t\t\t\t    width: 100%;\r\n\t\t\t\t}\n<\/style><div class=\"vc_column_inner tdi_8  wpb_column vc_column_container tdc-inner-column td-pb-span6\">\n<style scoped>\n\/* custom css - generated by TagDiv Composer *\/\n\n\/* custom css - generated by TagDiv Composer *\/\n.tdi_8{\r\n                    vertical-align: baseline;\r\n                }.tdi_8 .vc_column-inner > .wpb_wrapper,\r\n\t\t\t\t.tdi_8 .vc_column-inner > .wpb_wrapper .tdc-elements{\r\n\t\t\t\t    display: block;\r\n\t\t\t\t}.tdi_8 .vc_column-inner > .wpb_wrapper .tdc-elements{\r\n\t\t\t\t    width: 100%;\r\n\t\t\t\t}\n<\/style><div class=\"vc_column-inner\"><div class=\"wpb_wrapper\" >[vc_column_text]<a href=\"https:\/\/www.ardiseny.es\/wordpress\/http:\/\/wp.ardiseny.es\/wp-content\/uploads\/2016\/06\/email-marketing.jpg\"><img decoding=\"async\" width=\"724\" height=\"1024\" class=\"aligncenter size-large wp-image-1808\" src=\"https:\/\/www.ardiseny.es\/wordpress\/http:\/\/wp.ardiseny.es\/wp-content\/uploads\/2016\/06\/email-marketing-724x1024.jpg\" alt=\"\" srcset=\"https:\/\/www.ardiseny.es\/wordpress\/http:\/\/wp.ardiseny.es\/wp-content\/uploads\/2016\/06\/email-marketing-724x1024.jpg 724w, https:\/\/www.ardiseny.es\/wordpress\/http:\/\/wp.ardiseny.es\/wp-content\/uploads\/2016\/06\/email-marketing-212x300.jpg 212w, https:\/\/www.ardiseny.es\/wordpress\/http:\/\/wp.ardiseny.es\/wp-content\/uploads\/2016\/06\/email-marketing-768x1086.jpg 768w, https:\/\/www.ardiseny.es\/wordpress\/http:\/\/wp.ardiseny.es\/wp-content\/uploads\/2016\/06\/email-marketing-696x985.jpg 696w, https:\/\/www.ardiseny.es\/wordpress\/http:\/\/wp.ardiseny.es\/wp-content\/uploads\/2016\/06\/email-marketing-1068x1511.jpg 1068w, https:\/\/www.ardiseny.es\/wordpress\/http:\/\/wp.ardiseny.es\/wp-content\/uploads\/2016\/06\/email-marketing-297x420.jpg 297w\" sizes=\"(max-width: 724px) 100vw, 724px\" \/><\/a>[\/vc_column_text]<\/div><\/div><\/div><div class=\"vc_column_inner tdi_10  wpb_column vc_column_container tdc-inner-column td-pb-span6\">\n<style scoped>\n\/* custom css - generated by TagDiv Composer *\/\n\n\/* custom css - generated by TagDiv Composer *\/\n.tdi_10{\r\n                    vertical-align: baseline;\r\n                }.tdi_10 .vc_column-inner > .wpb_wrapper,\r\n\t\t\t\t.tdi_10 .vc_column-inner > .wpb_wrapper .tdc-elements{\r\n\t\t\t\t    display: block;\r\n\t\t\t\t}.tdi_10 .vc_column-inner > .wpb_wrapper .tdc-elements{\r\n\t\t\t\t    width: 100%;\r\n\t\t\t\t}\n<\/style><div class=\"vc_column-inner\"><div class=\"wpb_wrapper\" >[vc_column_text]<strong>\u00bfQUIERES APRENDER A ENVIAR EMAILS A TUS CLIENTES O SUSCRIPTORES?<\/strong>\r\n\r\nSi queremos comunicarnos de forma efectiva al mismo tiempo, de forma econ\u00f3mica, tener m\u00e9tricas y saber o medir los resultados, c\u00f3mo debemos hacerlo?\r\n\r\nLa respuesta es sencilla: <strong>Email Marketing\r\n<\/strong>\r\n\u00bfQu\u00e9 puede hacer el Email marketing por nosotros? En este curso se lo vamos a explicar. Cuando usted termine de leer la gu\u00eda entender\u00e1 conceptos que har\u00e1n que se interese por unas de las formas m\u00e1s econ\u00f3micas de estar en comunicaci\u00f3n con sus usuarios y posibles clientes.\r\nEl Email Marketing es la forma de inversi\u00f3n, en marketing, con el mayor \u00edndice de retorno de inversi\u00f3n o ROI.\r\n\r\n<strong>CURSO EmailMarketing.<\/strong>\r\n\r\n\u00bfQu\u00e9 puedes aprender en este curso?\r\n<ul>\r\n \t<li>Te orientaremos a enfocar tus campa\u00f1as de emails masivos.<\/li>\r\n \t<li>Construiremos la base para mandar emails.<\/li>\r\n \t<li>Utilizaremos una herramienta gratuita para ello, Mailchimp.<\/li>\r\n \t<li>Daremos unas pinceladas a la ley vigente en Espa\u00f1a LOPD y LSSICE.<\/li>\r\n \t<li>Valoraremos los resultados, cuantitativos.<\/li>\r\n \t<li>En definitiva podr\u00e1s crear tus listas de clientes, posibles clientes y ver el impacto acci\u00f3n respuesta.<\/li>\r\n<\/ul>\r\n[\/vc_column_text]<\/div><\/div><\/div><\/div><\/div><\/div><\/div><\/div><div id=\"tdi_11\" class=\"tdc-row\"><div class=\"vc_row tdi_12  wpb_row td-pb-row\" >\n<style scoped>\n\/* custom css - generated by TagDiv Composer *\/\n\n\/* custom css - generated by TagDiv Composer *\/\n.tdi_12,\r\n                .tdi_12 .tdc-columns{\r\n                    min-height: 0;\r\n                }.tdi_12,\r\n\t\t\t\t.tdi_12 .tdc-columns{\r\n\t\t\t\t    display: block;\r\n\t\t\t\t}.tdi_12 .tdc-columns{\r\n\t\t\t\t    width: 100%;\r\n\t\t\t\t}.tdi_12:before,\r\n\t\t\t\t.tdi_12:after{\r\n\t\t\t\t    display: table;\r\n\t\t\t\t}\n<\/style><div class=\"vc_column tdi_14  wpb_column vc_column_container tdc-column td-pb-span12\">\n<style scoped>\n\/* custom css - generated by TagDiv Composer *\/\n\n\/* custom css - generated by TagDiv Composer *\/\n.tdi_14{\r\n                    vertical-align: baseline;\r\n                }.tdi_14 > .wpb_wrapper,\r\n\t\t\t\t.tdi_14 > .wpb_wrapper > .tdc-elements{\r\n\t\t\t\t    display: block;\r\n\t\t\t\t}.tdi_14 > .wpb_wrapper > .tdc-elements{\r\n\t\t\t\t    width: 100%;\r\n\t\t\t\t}.tdi_14 > .wpb_wrapper > .vc_row_inner{\r\n\t\t\t\t    width: auto;\r\n\t\t\t\t}.tdi_14 > .wpb_wrapper{\r\n\t\t\t\t    width: auto;\r\n\t\t\t\t    height: auto;\r\n\t\t\t\t}\n<\/style><div class=\"wpb_wrapper\" >[vc_column_text]POD\u00c9IS DESCARGAR LA GU\u00cdA CON UNA ACCI\u00d3N SOCIAL:[\/vc_column_text][vc_tta_tabs][vc_tta_section title=\u00bbACCI\u00d3N SOCIAL\u00bb tab_id=\u00bb1509298551008-a716cf6c-2d75&#8243;][vc_column_text][sociallocker]\r\n\r\nYa puedes descargar nuestro curso de EMAIL MARKETING. Esperamos te guste y le puedas sacar provecho. Saludos desde Ardiseny.\r\n\r\n<a href=\"https:\/\/www.ardiseny.es\/wordpress\/http:\/\/wp.ardiseny.es\/wp-content\/uploads\/2015\/11\/curso-email-marketing.rar\"><img decoding=\"async\" class=\"wp-image-1308 aligncenter\" src=\"http:\/\/www.ardiseny.es\/wordpress\/http:\/\/wp.ardiseny.es\/wp-content\/uploads\/2015\/11\/cursoemail-marketing.jpg\" alt=\"cursoemail-marketing\" width=\"652\" height=\"251\" \/><\/a>\r\n\r\n[\/sociallocker][\/vc_column_text][\/vc_tta_section][\/vc_tta_tabs]<\/div><\/div><\/div><\/div><\/section>","protected":false},"excerpt":{"rendered":"[vc_column_text][\/vc_column_text] [vc_column_text]\u00bfQUIERES APRENDER A ENVIAR EMAILS A TUS CLIENTES O SUSCRIPTORES? Si queremos comunicarnos de forma efectiva al mismo tiempo, de forma econ\u00f3mica, tener m\u00e9tricas y saber o medir los resultados, c\u00f3mo debemos hacerlo? La respuesta es sencilla: Email Marketing \u00bfQu\u00e9 puede hacer el Email marketing por nosotros? En este curso se lo vamos a [...]","protected":false},"author":1,"featured_media":1207,"parent":0,"menu_order":0,"comment_status":"open","ping_status":"closed","template":"","meta":{"footnotes":""},"class_list":["post-1310","page","type-page","status-publish","has-post-thumbnail","hentry"],"aioseo_notices":[],"_links":{"self":[{"href":"https:\/\/www.ardiseny.es\/wordpress\/wp-json\/wp\/v2\/pages\/1310","targetHints":{"allow":["GET"]}}],"collection":[{"href":"https:\/\/www.ardiseny.es\/wordpress\/wp-json\/wp\/v2\/pages"}],"about":[{"href":"https:\/\/www.ardiseny.es\/wordpress\/wp-json\/wp\/v2\/types\/page"}],"author":[{"embeddable":true,"href":"https:\/\/www.ardiseny.es\/wordpress\/wp-json\/wp\/v2\/users\/1"}],"replies":[{"embeddable":true,"href":"https:\/\/www.ardiseny.es\/wordpress\/wp-json\/wp\/v2\/comments?post=1310"}],"version-history":[{"count":0,"href":"https:\/\/www.ardiseny.es\/wordpress\/wp-json\/wp\/v2\/pages\/1310\/revisions"}],"wp:featuredmedia":[{"embeddable":true,"href":"https:\/\/www.ardiseny.es\/wordpress\/wp-json\/wp\/v2\/media\/1207"}],"wp:attachment":[{"href":"https:\/\/www.ardiseny.es\/wordpress\/wp-json\/wp\/v2\/media?parent=1310"}],"curies":[{"name":"wp","href":"https:\/\/api.w.org\/{rel}","templated":true}]}}