{"id":1830,"date":"2017-11-20T18:18:02","date_gmt":"2017-11-20T18:18:02","guid":{"rendered":"https:\/\/www.ardiseny.es\/wordpress\/?page_id=1830"},"modified":"2022-01-31T14:00:05","modified_gmt":"2022-01-31T14:00:05","slug":"guia-analizar-competencia-gratuita","status":"publish","type":"page","link":"https:\/\/www.ardiseny.es\/wordpress\/guia-analizar-competencia-gratuita\/","title":{"rendered":"GU\u00cdA ANALIZAR COMPETENCIA GRATUITA"},"content":{"rendered":"<section class=\"wpb-content-wrapper\"><div id=\"tdi_1\" class=\"tdc-row\"><div class=\"vc_row tdi_2  wpb_row td-pb-row\" >\n<style scoped>\n\/* custom css - generated by TagDiv Composer *\/\n\n\/* custom css - generated by TagDiv Composer *\/\n.tdi_2,\r\n                .tdi_2 .tdc-columns{\r\n                    min-height: 0;\r\n                }.tdi_2,\r\n\t\t\t\t.tdi_2 .tdc-columns{\r\n\t\t\t\t    display: block;\r\n\t\t\t\t}.tdi_2 .tdc-columns{\r\n\t\t\t\t    width: 100%;\r\n\t\t\t\t}.tdi_2:before,\r\n\t\t\t\t.tdi_2:after{\r\n\t\t\t\t    display: table;\r\n\t\t\t\t}\n<\/style><div class=\"vc_column tdi_4  wpb_column vc_column_container tdc-column td-pb-span12\">\n<style scoped>\n\/* custom css - generated by TagDiv Composer *\/\n\n\/* custom css - generated by TagDiv Composer *\/\n.tdi_4{\r\n                    vertical-align: baseline;\r\n                }.tdi_4 > .wpb_wrapper,\r\n\t\t\t\t.tdi_4 > .wpb_wrapper > .tdc-elements{\r\n\t\t\t\t    display: block;\r\n\t\t\t\t}.tdi_4 > .wpb_wrapper > .tdc-elements{\r\n\t\t\t\t    width: 100%;\r\n\t\t\t\t}.tdi_4 > .wpb_wrapper > .vc_row_inner{\r\n\t\t\t\t    width: auto;\r\n\t\t\t\t}.tdi_4 > .wpb_wrapper{\r\n\t\t\t\t    width: auto;\r\n\t\t\t\t    height: auto;\r\n\t\t\t\t}\n<\/style><div class=\"wpb_wrapper\" ><div class=\"vc_row_inner tdi_6  vc_row vc_inner wpb_row td-pb-row\" >\n<style scoped>\n\/* custom css - generated by TagDiv Composer *\/\n\n\/* custom css - generated by TagDiv Composer *\/\n.tdi_6{\r\n                    position: relative !important;\r\n                    top: 0;\r\n                    transform: none;\r\n                    -webkit-transform: none;\r\n                }.tdi_6,\r\n\t\t\t\t.tdi_6 .tdc-inner-columns{\r\n\t\t\t\t    display: block;\r\n\t\t\t\t}.tdi_6 .tdc-inner-columns{\r\n\t\t\t\t    width: 100%;\r\n\t\t\t\t}\n<\/style><div class=\"vc_column_inner tdi_8  wpb_column vc_column_container tdc-inner-column td-pb-span6\">\n<style scoped>\n\/* custom css - generated by TagDiv Composer *\/\n\n\/* custom css - generated by TagDiv Composer *\/\n.tdi_8{\r\n                    vertical-align: baseline;\r\n                }.tdi_8 .vc_column-inner > .wpb_wrapper,\r\n\t\t\t\t.tdi_8 .vc_column-inner > .wpb_wrapper .tdc-elements{\r\n\t\t\t\t    display: block;\r\n\t\t\t\t}.tdi_8 .vc_column-inner > .wpb_wrapper .tdc-elements{\r\n\t\t\t\t    width: 100%;\r\n\t\t\t\t}\n<\/style><div class=\"vc_column-inner\"><div class=\"wpb_wrapper\" >[vc_column_text]<a href=\"https:\/\/www.ardiseny.es\/wordpress\/http:\/\/wp.ardiseny.es\/wp-content\/uploads\/2017\/11\/competencia.jpg\"><img decoding=\"async\" width=\"724\" height=\"1024\" class=\"aligncenter size-large wp-image-1831\" src=\"https:\/\/www.ardiseny.es\/wordpress\/http:\/\/wp.ardiseny.es\/wp-content\/uploads\/2017\/11\/competencia-724x1024.jpg\" alt=\"\" srcset=\"https:\/\/www.ardiseny.es\/wordpress\/http:\/\/wp.ardiseny.es\/wp-content\/uploads\/2017\/11\/competencia-724x1024.jpg 724w, https:\/\/www.ardiseny.es\/wordpress\/http:\/\/wp.ardiseny.es\/wp-content\/uploads\/2017\/11\/competencia-212x300.jpg 212w, https:\/\/www.ardiseny.es\/wordpress\/http:\/\/wp.ardiseny.es\/wp-content\/uploads\/2017\/11\/competencia-768x1086.jpg 768w, https:\/\/www.ardiseny.es\/wordpress\/http:\/\/wp.ardiseny.es\/wp-content\/uploads\/2017\/11\/competencia-696x985.jpg 696w, https:\/\/www.ardiseny.es\/wordpress\/http:\/\/wp.ardiseny.es\/wp-content\/uploads\/2017\/11\/competencia-1068x1511.jpg 1068w, https:\/\/www.ardiseny.es\/wordpress\/http:\/\/wp.ardiseny.es\/wp-content\/uploads\/2017\/11\/competencia-297x420.jpg 297w\" sizes=\"(max-width: 724px) 100vw, 724px\" \/><\/a>[\/vc_column_text]<\/div><\/div><\/div><div class=\"vc_column_inner tdi_10  wpb_column vc_column_container tdc-inner-column td-pb-span6\">\n<style scoped>\n\/* custom css - generated by TagDiv Composer *\/\n\n\/* custom css - generated by TagDiv Composer *\/\n.tdi_10{\r\n                    vertical-align: baseline;\r\n                }.tdi_10 .vc_column-inner > .wpb_wrapper,\r\n\t\t\t\t.tdi_10 .vc_column-inner > .wpb_wrapper .tdc-elements{\r\n\t\t\t\t    display: block;\r\n\t\t\t\t}.tdi_10 .vc_column-inner > .wpb_wrapper .tdc-elements{\r\n\t\t\t\t    width: 100%;\r\n\t\t\t\t}\n<\/style><div class=\"vc_column-inner\"><div class=\"wpb_wrapper\" >[vc_column_text]<strong>\u00bfPor qu\u00e9 hacer un an\u00e1lisis de la competencia?<\/strong>\r\n\r\nEl <strong>benchmarking <\/strong>es tomar comparadores o <strong>benchmarks <\/strong>de los productos de las empresas que mejor los vendan en el mercado o evidencien las mejores pr\u00e1cticas sobre el \u00e1rea de inter\u00e9s, con el prop\u00f3sito de aplicar a nuestra empresa las mejor forma de aumentar ventas o mejorar nuestros productos.\r\n\r\nEn definitiva es analizar a la competencia en busca de sus fortalezas y debilidades, para aprovecharlas en nuestro beneficio o incluso encontrar alg\u00fan m\u00e9todo que sea mejor que la competencia.\r\n\r\n<strong>Gu\u00eda Analizar Competencia: BenchMarking.<\/strong>\r\n\r\n\u00bfQu\u00e9 puedes aprender en esta gu\u00eda?\r\n<ul>\r\n \t<li>\u00a0Saber donde se encuentra nuestra empresa, respecto a nuestros competidores.<\/li>\r\n \t<li>Analizar a los competidores.<\/li>\r\n \t<li>Analizar sus redes sociales.<\/li>\r\n \t<li>Una vez analizado, realizaremos un Plan de Acci\u00f3n.<\/li>\r\n<\/ul>\r\n[\/vc_column_text]<\/div><\/div><\/div><\/div><\/div><\/div><\/div><\/div><div id=\"tdi_11\" class=\"tdc-row\"><div class=\"vc_row tdi_12  wpb_row td-pb-row\" >\n<style scoped>\n\/* custom css - generated by TagDiv Composer *\/\n\n\/* custom css - generated by TagDiv Composer *\/\n.tdi_12,\r\n                .tdi_12 .tdc-columns{\r\n                    min-height: 0;\r\n                }.tdi_12,\r\n\t\t\t\t.tdi_12 .tdc-columns{\r\n\t\t\t\t    display: block;\r\n\t\t\t\t}.tdi_12 .tdc-columns{\r\n\t\t\t\t    width: 100%;\r\n\t\t\t\t}.tdi_12:before,\r\n\t\t\t\t.tdi_12:after{\r\n\t\t\t\t    display: table;\r\n\t\t\t\t}\n<\/style><div class=\"vc_column tdi_14  wpb_column vc_column_container tdc-column td-pb-span12\">\n<style scoped>\n\/* custom css - generated by TagDiv Composer *\/\n\n\/* custom css - generated by TagDiv Composer *\/\n.tdi_14{\r\n                    vertical-align: baseline;\r\n                }.tdi_14 > .wpb_wrapper,\r\n\t\t\t\t.tdi_14 > .wpb_wrapper > .tdc-elements{\r\n\t\t\t\t    display: block;\r\n\t\t\t\t}.tdi_14 > .wpb_wrapper > .tdc-elements{\r\n\t\t\t\t    width: 100%;\r\n\t\t\t\t}.tdi_14 > .wpb_wrapper > .vc_row_inner{\r\n\t\t\t\t    width: auto;\r\n\t\t\t\t}.tdi_14 > .wpb_wrapper{\r\n\t\t\t\t    width: auto;\r\n\t\t\t\t    height: auto;\r\n\t\t\t\t}\n<\/style><div class=\"wpb_wrapper\" >[vc_column_text]POD\u00c9IS DESCARGAR LA GU\u00cdA CON UNA ACCI\u00d3N SOCIAL :[\/vc_column_text][vc_tta_tabs][vc_tta_section title=\u00bbACCI\u00d3N SOCIAL\u00bb tab_id=\u00bb1509298551008-a716cf6c-2d75&#8243;][vc_column_text][sociallocker]\r\n\r\nYa puedes descargar nuestra Gu\u00eda Analizar a la competencia.\r\n\r\nEsperamos te guste y le puedas sacar provecho. Saludos desde Ardiseny.<a href=\"https:\/\/www.ardiseny.es\/wordpress\/http:\/\/wp.ardiseny.es\/wp-content\/uploads\/2017\/11\/Analisis-competencia.rar\"><img decoding=\"async\" width=\"290\" height=\"462\" class=\"aligncenter size-full wp-image-1827\" src=\"https:\/\/www.ardiseny.es\/wordpress\/http:\/\/wp.ardiseny.es\/wp-content\/uploads\/2017\/11\/analizar-competencia-ardiseny.jpg\" alt=\"\" srcset=\"https:\/\/www.ardiseny.es\/wordpress\/http:\/\/wp.ardiseny.es\/wp-content\/uploads\/2017\/11\/analizar-competencia-ardiseny.jpg 290w, https:\/\/www.ardiseny.es\/wordpress\/http:\/\/wp.ardiseny.es\/wp-content\/uploads\/2017\/11\/analizar-competencia-ardiseny-188x300.jpg 188w, https:\/\/www.ardiseny.es\/wordpress\/http:\/\/wp.ardiseny.es\/wp-content\/uploads\/2017\/11\/analizar-competencia-ardiseny-264x420.jpg 264w\" sizes=\"(max-width: 290px) 100vw, 290px\" \/><\/a>\r\n\r\n&nbsp;\r\n\r\n[\/sociallocker][\/vc_column_text][\/vc_tta_section][\/vc_tta_tabs]<\/div><\/div><\/div><\/div><\/section>","protected":false},"excerpt":{"rendered":"[vc_column_text][\/vc_column_text] [vc_column_text]\u00bfPor qu\u00e9 hacer un an\u00e1lisis de la competencia? El benchmarking es tomar comparadores o benchmarks de los productos de las empresas que mejor los vendan en el mercado o evidencien las mejores pr\u00e1cticas sobre el \u00e1rea de inter\u00e9s, con el prop\u00f3sito de aplicar a nuestra empresa las mejor forma de aumentar ventas o mejorar [...]","protected":false},"author":1,"featured_media":0,"parent":0,"menu_order":0,"comment_status":"closed","ping_status":"closed","template":"","meta":{"footnotes":""},"class_list":["post-1830","page","type-page","status-publish","hentry"],"aioseo_notices":[],"_links":{"self":[{"href":"https:\/\/www.ardiseny.es\/wordpress\/wp-json\/wp\/v2\/pages\/1830","targetHints":{"allow":["GET"]}}],"collection":[{"href":"https:\/\/www.ardiseny.es\/wordpress\/wp-json\/wp\/v2\/pages"}],"about":[{"href":"https:\/\/www.ardiseny.es\/wordpress\/wp-json\/wp\/v2\/types\/page"}],"author":[{"embeddable":true,"href":"https:\/\/www.ardiseny.es\/wordpress\/wp-json\/wp\/v2\/users\/1"}],"replies":[{"embeddable":true,"href":"https:\/\/www.ardiseny.es\/wordpress\/wp-json\/wp\/v2\/comments?post=1830"}],"version-history":[{"count":0,"href":"https:\/\/www.ardiseny.es\/wordpress\/wp-json\/wp\/v2\/pages\/1830\/revisions"}],"wp:attachment":[{"href":"https:\/\/www.ardiseny.es\/wordpress\/wp-json\/wp\/v2\/media?parent=1830"}],"curies":[{"name":"wp","href":"https:\/\/api.w.org\/{rel}","templated":true}]}}