{"id":94,"date":"2012-11-15T10:26:56","date_gmt":"2012-11-15T10:26:56","guid":{"rendered":"http:\/\/wp.ardiseny.es\/?page_id=94"},"modified":"2017-01-31T20:03:54","modified_gmt":"2017-01-31T20:03:54","slug":"quien-somos","status":"publish","type":"page","link":"https:\/\/www.ardiseny.es\/wordpress\/quien-somos\/","title":{"rendered":"\u00bfQui\u00e9n somos?"},"content":{"rendered":"<section class=\"wpb-content-wrapper\"><div id=\"tdi_1\" class=\"tdc-row\"><div class=\"vc_row tdi_2  wpb_row td-pb-row\" >\n<style scoped>\n\/* custom css - generated by TagDiv Composer *\/\n\n\/* custom css - generated by TagDiv Composer *\/\n.tdi_2,\r\n                .tdi_2 .tdc-columns{\r\n                    min-height: 0;\r\n                }.tdi_2,\r\n\t\t\t\t.tdi_2 .tdc-columns{\r\n\t\t\t\t    display: block;\r\n\t\t\t\t}.tdi_2 .tdc-columns{\r\n\t\t\t\t    width: 100%;\r\n\t\t\t\t}.tdi_2:before,\r\n\t\t\t\t.tdi_2:after{\r\n\t\t\t\t    display: table;\r\n\t\t\t\t}\n<\/style><div class=\"vc_column tdi_4  wpb_column vc_column_container tdc-column td-pb-span12\">\n<style scoped>\n\/* custom css - generated by TagDiv Composer *\/\n\n\/* custom css - generated by TagDiv Composer *\/\n.tdi_4{\r\n                    vertical-align: baseline;\r\n                }.tdi_4 > .wpb_wrapper,\r\n\t\t\t\t.tdi_4 > .wpb_wrapper > .tdc-elements{\r\n\t\t\t\t    display: block;\r\n\t\t\t\t}.tdi_4 > .wpb_wrapper > .tdc-elements{\r\n\t\t\t\t    width: 100%;\r\n\t\t\t\t}.tdi_4 > .wpb_wrapper > .vc_row_inner{\r\n\t\t\t\t    width: auto;\r\n\t\t\t\t}.tdi_4 > .wpb_wrapper{\r\n\t\t\t\t    width: auto;\r\n\t\t\t\t    height: auto;\r\n\t\t\t\t}\n<\/style><div class=\"wpb_wrapper\" >[vc_column_text]\r\n<div class=\"contenido1\">\r\n<p class=\"letra\"><a style=\"line-height: 1.5em;\" href=\"https:\/\/www.ardiseny.es\/wordpress\/http:\/\/wp.ardiseny.es\/wp-content\/uploads\/2012\/11\/empresa.jpg\"><img decoding=\"async\" width=\"566\" height=\"350\" class=\"alignnone size-full wp-image-329\" title=\"empresa\" src=\"https:\/\/www.ardiseny.es\/wordpress\/http:\/\/wp.ardiseny.es\/wp-content\/uploads\/2012\/11\/empresa.jpg\" alt=\"\" srcset=\"https:\/\/www.ardiseny.es\/wordpress\/http:\/\/wp.ardiseny.es\/wp-content\/uploads\/2012\/11\/empresa.jpg 566w, https:\/\/www.ardiseny.es\/wordpress\/http:\/\/wp.ardiseny.es\/wp-content\/uploads\/2012\/11\/empresa-300x185.jpg 300w\" sizes=\"(max-width: 566px) 100vw, 566px\" \/><\/a><\/p>\r\n\r\n<\/div>\r\n<h1>Ardiseny: Empresa de dise\u00f1o web y consultor\u00eda web.<\/h1>\r\nEmpecemos como una empresa joven y emprendedora y 7 a\u00f1os despu\u00e9s lo que comenz\u00f3 como una ilusi\u00f3n se ha convertido en un compromiso y una responsabilidad hacia nuestros clientes.\r\n\r\nLa confianza es una palabra fr\u00e1gil. Para que nuestros clientes no pierdan nuestra confianza depositamos en ellos una pizca de nuestra filosof\u00eda de trabajo y somos constantes para conseguir poco a poco la perfecci\u00f3n en nuestra empresa.\r\n\r\n&nbsp;\r\n\r\nHa llegado el momento de tener su espacio web!\r\nTraslade su negocio a la red!!!\r\nA finales del 2010, hab\u00eda 255 millones de p\u00e1ginas web creadas y funcionando en la red. A d\u00eda de hoy hay unos 1970 millones de internautas.\r\n\r\n&nbsp;\r\n\r\nPor poner unos datos hay:\r\n\r\n&nbsp;\r\n<ul>\r\n \t<li>68,8 millones de dominios .com registrados.<\/li>\r\n \t<li>79,2 millones de dominios .es registrados.<\/li>\r\n \t<li>13,2 millones de dominios .net registrados\u2026<\/li>\r\n<\/ul>\r\n<p align=\"justify\">Con estos datos vemos que si queremos que nuestro negocio triunfe necesitamos invertir en publicidad web. Utilizar Internet como una herramienta potente para llegar a usuarios potenciales. Ofrecer un escaparate en la red y que los internautas puedan interactuar con nuestro negocio.<\/p>\r\n<p align=\"justify\">Nos dedicamos en cuerpo y alma a nuestro trabajo para que el cliente quede satisfecho con el trabajo a realizar.<\/p>\r\n\r\n<div><\/div>\r\n<h1>\u00bfPor qu\u00e9 hacer la web con Ardiseny?<\/h1>\r\n&nbsp;\r\n\r\nARdiseny nos dedicamos a construir y dise\u00f1ar p\u00e1ginas web. Utilizamos herramientas de programaci\u00f3n y dise\u00f1o acorde con los nuevos navegadores web, para que su web tenga la visualizaci\u00f3n correcta. Entre otras herramientas utilizamos; XHTML, HTML, HTML 5, CSS 3, PHP, JAVASCRIP, ACTIONSCRIPT DE FLASH, JOOMLA&#8230;\r\n\r\n&nbsp;\r\n\r\nEn Ardiseny dise\u00f1amos webs a partir de cero. Dise\u00f1os exclusivos. Tenemos en el mercado muchas plantillas, motores pre-instalados que podemos realizar, pero nuestra pol\u00edtica es que el cliente tenga un producto exclusivo a buen precio.\r\nArdiseny se compromete con el cliente. Escuchamos, asesoramos, reflexionamos y comunicamos.\r\n\r\nTener una web no es problema&#8230;, tener una web profesional y de calidad es el objetivo y para conseguirlo necesita de una empresa dedicada y seria. Una vez realizado el proyecto web, hace falta sacarle el mayor partido.\r\nArdiseny somos profesionales en ello (Marketing digital).\r\n\r\nEn Ardiseny realizamos website cumpliendo las normativas impuestas por la leyes:\r\n\r\n&nbsp;\r\n<ul>\r\n \t<li>La Ley Org\u00e1nica 15\/1999, 13 de diciembre, de\u00a0Protecci\u00f3n de Datos de Car\u00e1cter Personal (LOPD):<\/li>\r\n \t<li>La Ley 34\/2002, de 11 de julio, de\u00a0Ley de Servicios de de la Sociedad de de la Informaci\u00f3n y del Comercio Electr\u00f3nico (LSSICE)<\/li>\r\n \t<li>La Ley 7\/1998, de 13 de abril, sobre\u00a0Condiciones Generales de la Contrataci\u00f3n.<\/li>\r\n<\/ul>\r\nTener una web profesional y cumpliendo las normativas vigentes. Tenga en cuenta que Ardiseny se inclina por la calidad al mejor precio.\r\n\r\nDise\u00f1amos campa\u00f1as branding o IDENTIDAD VISUAL. Este tipo de dise\u00f1o es el que enlaza el dise\u00f1o web con el dise\u00f1o gr\u00e1fico, consiguiendo una simbiosis perfecta. Realizar una web con la identidad de toda una marca.\r\n\r\n&nbsp;\r\n\r\nSi tiene un proyecto on-line an\u00edmese y contacte con nosotros, queremos trabajar contigo.\r\n\r\nUn saludo cordial de ARdiseny.[\/vc_column_text]<\/div><\/div><\/div><\/div><\/section>","protected":false},"excerpt":{"rendered":"[vc_column_text] Ardiseny: Empresa de dise\u00f1o web y consultor\u00eda web. Empecemos como una empresa joven y emprendedora y 7 a\u00f1os despu\u00e9s lo que comenz\u00f3 como una ilusi\u00f3n se ha convertido en un compromiso y una responsabilidad hacia nuestros clientes. La confianza es una palabra fr\u00e1gil. Para que nuestros clientes no pierdan nuestra confianza depositamos en ellos [...]","protected":false},"author":1,"featured_media":0,"parent":0,"menu_order":0,"comment_status":"closed","ping_status":"open","template":"","meta":{"footnotes":""},"class_list":["post-94","page","type-page","status-publish","hentry"],"aioseo_notices":[],"_links":{"self":[{"href":"https:\/\/www.ardiseny.es\/wordpress\/wp-json\/wp\/v2\/pages\/94","targetHints":{"allow":["GET"]}}],"collection":[{"href":"https:\/\/www.ardiseny.es\/wordpress\/wp-json\/wp\/v2\/pages"}],"about":[{"href":"https:\/\/www.ardiseny.es\/wordpress\/wp-json\/wp\/v2\/types\/page"}],"author":[{"embeddable":true,"href":"https:\/\/www.ardiseny.es\/wordpress\/wp-json\/wp\/v2\/users\/1"}],"replies":[{"embeddable":true,"href":"https:\/\/www.ardiseny.es\/wordpress\/wp-json\/wp\/v2\/comments?post=94"}],"version-history":[{"count":0,"href":"https:\/\/www.ardiseny.es\/wordpress\/wp-json\/wp\/v2\/pages\/94\/revisions"}],"wp:attachment":[{"href":"https:\/\/www.ardiseny.es\/wordpress\/wp-json\/wp\/v2\/media?parent=94"}],"curies":[{"name":"wp","href":"https:\/\/api.w.org\/{rel}","templated":true}]}}